{"id":560,"date":"2025-02-12T12:44:29","date_gmt":"2025-02-12T12:44:29","guid":{"rendered":"https:\/\/vitoriatrail.com\/?page_id=560"},"modified":"2025-02-12T12:49:49","modified_gmt":"2025-02-12T12:49:49","slug":"aviso-legal","status":"publish","type":"page","link":"https:\/\/vitoriatrail.com\/eus\/aviso-legal\/","title":{"rendered":"LEGE OHARRA"},"content":{"rendered":"<div data-elementor-type=\"wp-page\" data-elementor-id=\"560\" class=\"elementor elementor-560\" data-elementor-settings=\"{&quot;ha_cmc_init_switcher&quot;:&quot;no&quot;}\">\n\t\t\t\t\t\t<section class=\"elementor-section elementor-top-section elementor-element elementor-element-3af6f2f5 elementor-section-content-middle elementor-section-boxed elementor-section-height-default elementor-section-height-default\" data-id=\"3af6f2f5\" data-element_type=\"section\" data-settings=\"{&quot;background_background&quot;:&quot;gradient&quot;,&quot;_ha_eqh_enable&quot;:false}\">\n\t\t\t\t\t\t\t<div class=\"elementor-background-overlay\"><\/div>\n\t\t\t\t\t\t\t<div class=\"elementor-container elementor-column-gap-default\">\n\t\t\t\t\t<div class=\"elementor-column elementor-col-100 elementor-top-column elementor-element elementor-element-44db21fe\" data-id=\"44db21fe\" data-element_type=\"column\">\n\t\t\t<div class=\"elementor-widget-wrap elementor-element-populated\">\n\t\t\t\t\t\t<div class=\"elementor-element elementor-element-31921171 elementor-widget elementor-widget-heading\" data-id=\"31921171\" data-element_type=\"widget\" data-widget_type=\"heading.default\">\n\t\t\t\t<div class=\"elementor-widget-container\">\n\t\t\t\t\t<h2 class=\"elementor-heading-title elementor-size-default\">LEGE OHARRA<\/h2>\t\t\t\t<\/div>\n\t\t\t\t<\/div>\n\t\t\t\t\t<\/div>\n\t\t<\/div>\n\t\t\t\t\t<\/div>\n\t\t<\/section>\n\t\t<div class=\"elementor-element elementor-element-b7fbdfe e-flex e-con-boxed e-con e-parent\" data-id=\"b7fbdfe\" data-element_type=\"container\" data-settings=\"{&quot;_ha_eqh_enable&quot;:false}\">\n\t\t\t\t\t<div class=\"e-con-inner\">\n\t\t\t\t<div class=\"elementor-element elementor-element-3a712dc elementor-widget elementor-widget-text-editor\" data-id=\"3a712dc\" data-element_type=\"widget\" data-widget_type=\"text-editor.default\">\n\t\t\t\t<div class=\"elementor-widget-container\">\n\t\t\t\t\t\t\t\t\t<h3 class=\"oscuro\" style=\"text-align: justify;\">Informaci\u00f3n general<\/h3><p style=\"text-align: justify;\">El presente Sitio Web, es titularidad de ARABA ASCENTIUM SL en adelante Ascentium, con domicilio en C\/ Zapater\u00eda 81 bajo 01001 VITORIA inscrita en el Registro Mercantil de \u00c1lava con n\u00ba de tel\u00e9fono 945235249 y direcci\u00f3n de email info@ascentium.org<\/p><p style=\"text-align: justify;\">En caso de contrataci\u00f3n on-line, cualquier consumidor y usuario, puede interponer sus quejas y reclamaciones o solicitar informaci\u00f3n sobre los bienes o servicios ofertados o contratados por los citados medios.<\/p><p style=\"text-align: justify;\">El presente aviso legal se aplica igualmente a cualesquiera otras p\u00e1ginas web, subdominios y subapartados contenidos en dicho sitio web y\/o los servicios disponibles en este sitio o a trav\u00e9s de este, o cualquier otro proporcionado por Ascentium puede proporcionarte el derecho a usar un subdominio en el Sitio. Todos los subdominios son propiedad exclusiva de Ascentium.<\/p><p style=\"text-align: justify;\">\u00a0Al usar este sitio web, se entender\u00e1 que usted ha le\u00eddo, entendido y aceptado, sin limitaci\u00f3n ni reserva alguna, las condiciones de uso recogidas en este aviso legal as\u00ed como la Pol\u00edtica de Privacidad, constituyendo el uso del mismo la expresa y plena aceptaci\u00f3n del aviso legal y pol\u00edtica de privacidad en la versi\u00f3n que se encuentre publicada en el momento de acceso, sin perjuicio de las condiciones o t\u00e9rminos de uso espec\u00edficos que pudieran aplicarse respecto algunos servicios concretos del sitio web, cuya aceptaci\u00f3n previa, ser\u00e1 requisito indispensable para acceder a dichos servicios.<\/p><p style=\"text-align: justify;\">\u00a0Si no est\u00e1 conforme con los t\u00e9rminos de este Aviso Legal, rogamos no haga uso del sitio web, porque el uso del mismo, reiteramos, implicar\u00e1 la aceptaci\u00f3n de los t\u00e9rminos legales recogidos en este texto y en la pol\u00edtica de privacidad.<\/p><p style=\"text-align: justify;\">\u00a0Ascentium se reserva el derecho de modificar los t\u00e9rminos y condiciones que aparecen en este sitio web as\u00ed como ampliar contenidos, informaciones, etc, en cualquier momento y sin previo aviso y, por tanto, aconseja su consulta con una periodicidad razonable por si se producen cambios en los mismos.<\/p><p style=\"text-align: justify;\">\u00a0La actividad no est\u00e1 sujeta a ning\u00fan r\u00e9gimen de autorizaci\u00f3n administrativa previa.<\/p><h3 class=\"oscuro\" style=\"text-align: justify;\">\u00a0Idioma.<\/h3><p style=\"text-align: justify;\">\u00a0En caso de que traduzcamos este Aviso Legal, nuestra Pol\u00edtica de privacidad, o cualesquiera otras normas de uso, pol\u00edticas y procedimientos que pudieran publicarse cada cierto tiempo en este sitio web, si existe discrepancia entre la versi\u00f3n en espa\u00f1ol y una versi\u00f3n traducida, prevalecer\u00e1 la versi\u00f3n en espa\u00f1ol.<\/p><p style=\"text-align: justify;\">\u00a0Comunicaciones comerciales y contenidos publicitarios<\/p><p style=\"text-align: justify;\">\u00a0Ascentium informa a los usuarios que conforme a la Ley 34\/2002, de 11 de julio, de Servicios de la Sociedad de la Informaci\u00f3n y de Comercio Electr\u00f3nico, proceder\u00e1 a enviarle informaci\u00f3n por e-mail sobre los productos, servicios y actividades. Si no desea recibir comunicaciones electr\u00f3nicas sobre nuestros productos, servicios y actividades rogamos nos remita un e-mail en tal sentido a fialco@fialcoasesores.net<\/p><h3 class=\"oscuro\" style=\"text-align: justify;\">\u00a0Publicidad:<\/h3><p style=\"text-align: justify;\">\u00a0El Sitio web puede albergar contenidos publicitarios o estar patrocinado. Los anunciantes y patrocinadores son los \u00fanicos responsables de asegurarse que el material remitido para su inclusi\u00f3n en el Sitio web cumple con las leyes y consentimientos que en cada caso puedan ser de aplicaci\u00f3n. El titular del Web no ser\u00e1 responsable de cualquier error, inexactitud o irregularidad que puedan contener los contenidos publicitarios o de los patrocinadores. Tampoco ser\u00e1 responsable de da\u00f1os a la sensibilidad que el material publicitario u otro material pueda causar a los usuarios o visitantes del Web.<\/p><h3 class=\"oscuro\" style=\"text-align: justify;\">\u00a0Derechos de propiedad intelectual y\/o industrial<\/h3><p style=\"text-align: justify;\">\u00a0El titular del contenido y de los elementos que conforman el presente Sitio Web es Ascentium perteneci\u00e9ndole en consecuencia la propiedad intelectual e industrial del mismo y en particular de todos los c\u00f3digos fuente, textos, im\u00e1genes, dise\u00f1o, logos, programas inform\u00e1ticos, animaciones, bases de datos, marcas, nombre comercial o signo distintivo, sonidos y dem\u00e1s elementos gr\u00e1ficos o sonoros de las p\u00e1ginas del Sitio Web. Esta enumeraci\u00f3n no constituye un listado cerrado sino ejemplificativo y dichos elementos se encuentran debidamente protegidos de conformidad con la normativa espa\u00f1ola e internacional sobre Propiedad Intelectual e Industrial.<\/p><p style=\"text-align: justify;\">\u00a0El Usuario se obliga a usar los contenidos de forma diligente y correcta, de acuerdo a la ley, la moral y el orden p\u00fablico.<\/p><p style=\"text-align: justify;\">\u00a0Ascentium autoriza al Usuario para visualizar la informaci\u00f3n que se contiene en este sitio web, as\u00ed como para efectuar reproducciones privadas (simple actividad de descarga y almacenamiento en sus sistemas inform\u00e1ticos), siempre y cuando los elementos sean destinados \u00fanicamente al uso personal, as\u00ed como su utilizaci\u00f3n exclusivamente con fines period\u00edsticos, siempre que, en ambos casos, se respete la integridad del mismo y se identifique que la fuente originaria ha sido el presente Sitio Web perteneciente a Ascentium quedando prohibido de manera expresa cualquier tipo de utilizaci\u00f3n sesgada y contraria a su naturaleza.<\/p><p style=\"text-align: justify;\">\u00a0Se proh\u00edbe, fuera de las finalidades establecidas expresamente en el p\u00e1rrafo anterior, la utilizaci\u00f3n del contenido del Sitio Web, y su distribuci\u00f3n, modificaci\u00f3n, cesi\u00f3n a terceros, as\u00ed como la reproducci\u00f3n, transformaci\u00f3n o comunicaci\u00f3n p\u00fablica, mediante cualquier medio y tecnolog\u00eda, requiri\u00e9ndose para ello el consentimiento previo y expreso de Ascentium constituyendo cualquier actuaci\u00f3n contraria al presente texto una vulneraci\u00f3n de la normativa en materia de derechos de propiedad industrial e intelectual.<\/p><p style=\"text-align: justify;\">\u00a0Se permite no obstante la utilizaci\u00f3n de\u00a0<a href=\"https:\/\/www.ascentium.org\/\"><u>https:\/\/www.ascentium.org<\/u><\/a>\u00a0siempre y cuando se respete la integridad del mismo y se identifique que la fuente originaria ha sido el presente sitio web perteneciente a Ascentium quedando prohibido de manera expresa cualquier tipo de utilizaci\u00f3n sesgada y contraria a su naturaleza.<\/p><p style=\"text-align: justify;\">\u00a0Ascentium se reserva el ejercicio de las acciones legales oportunas en defensa de sus derechos.<\/p><h3 class=\"oscuro\" style=\"text-align: justify;\">\u00a0Contrase\u00f1as y zona privada<\/h3><p style=\"text-align: justify;\">\u00a0En los supuestos en que proceda a remit\u00edrsele una contrase\u00f1a de acceso a determinados servicios, el USUARIO deber\u00e1 mantenerla bajo su exclusiva responsabilidad en la m\u00e1s estricta y absoluta confidencialidad y secreto, deber\u00e1 proceder a su custodia, uso y preservaci\u00f3n de manera diligente, prohibi\u00e9ndose de manera expresa la cesi\u00f3n de la misma a terceros, resultando responsabilidad del USUARIO y por lo tanto a \u00e9l imputable las consecuencias perjudiciales que pudieran originarse tanto para el titular del Sitio Web como para el resto de USUARIOS. En caso de robo, p\u00e9rdida o uso o acceso no autorizado de la contrase\u00f1a, el USUARIO deber\u00e1 proceder a comunicarlo de forma inmediata a Ascentium para la adopci\u00f3n de las medidas oportunas, siendo responsabilidad del USUARIO los da\u00f1os que se pudieran irrogar tanto a Ascentium como a otros USUARIOS, como consecuencia de una tard\u00eda comunicaci\u00f3n.<\/p><p style=\"text-align: justify;\">\u00a0Ascentium no ser\u00e1 responsable en ning\u00fan caso de las incidencias que puedan surgir en torno a los datos personales cuando se deriven bien de un ataque o acceso no autorizado a los sistemas de tal forma que sea imposible de detectar por las medidas de seguridad implantadas, bien cuando se deba a una falta de diligencia del cliente registrado en cuanto a la guardia y custodia de sus claves de acceso o de sus propios datos personales.<\/p><h3 class=\"oscuro\" style=\"text-align: justify;\">\u00a0Responsabilidad<\/h3><h3 class=\"oscuro\" style=\"text-align: justify;\">\u00a0Generalidades<\/h3><p style=\"text-align: justify;\">\u00a0El inter\u00e9s de Ascentium es el de que este sitio web funcione con la m\u00e1xima eficacia y cumpla la finalidad para la que ha sido creado pero no se responsabiliza de los eventuales errores tipogr\u00e1ficos, formales o num\u00e9ricos que pueda contener el sitio web, ni de la exactitud de la informaci\u00f3n contenida en \u00e9l, ni de posibles disfunciones o anomal\u00edas en su funcionamiento.<\/p><p style=\"text-align: justify;\">\u00a0Ascentium no garantiza que el sitio web y el servidor est\u00e9n libres de virus y no se hace responsable de los da\u00f1os causados por el acceso al sitio web o por la imposibilidad de acceder al mismo.<\/p><p style=\"text-align: justify;\">\u00a0Ascentium se reserva el derecho de modificar los t\u00e9rminos y condiciones que aparecen en este sitio web as\u00ed como ampliar contenidos, informaciones, etc., en cualquier momento y sin previo aviso y, por tanto, aconseja su consulta con una periodicidad razonable por si se producen cambios en los mismos. Vd. deber\u00e1 leer y los nuevos avisos legales y condiciones de uso del sitio web que se pudieran incorporar. En caso contrario, deber\u00e1 abstenerse de su utilizaci\u00f3n y acceso, declinando toda responsabilidad Ascentium que se reserva el derecho de suspender y terminar el acceso a los contenidos del Sitio Web, as\u00ed como de los servicios prestados desde el mismo.<\/p><h3 class=\"oscuro\" style=\"text-align: justify;\">Links e hiperenlaces<\/h3><p style=\"text-align: justify;\">Los sitios web propiedad de Ascentium pueden facilitar el enlace o el acceso a otros recursos o sitios web de terceros, que consideramos puedan ser de su inter\u00e9s o son necesarios para la prestaci\u00f3n de algunos de los servicios de nuestros sitios web, pero en ning\u00fan caso dichos sitios web son controlados por nosotros.<\/p><p style=\"text-align: justify;\">\u00a0El objetivo de dichos enlaces puede ser, facilitar la b\u00fasqueda de los recursos que le puedan interesar a trav\u00e9s de Internet.<\/p><p style=\"text-align: justify;\">\u00a0No obstante, dichas p\u00e1ginas no le pertenecen a Ascentium ni hace una revisi\u00f3n de sus contenidos y, por ello, no puede hacerse responsable de los mismos, ni de los servicios en su caso prestados, que aparezcan y\/o est\u00e9n disponibles en dichos sitios, del funcionamiento de la p\u00e1gina enlazada, del uso y tratamiento de datos que \u00e9stas puedan hacer, de las posibles infracciones que, en su caso, puedan cometer o de los posibles da\u00f1os que puedan derivarse del acceso o uso de la misma, no implicando la existencia del enlace relaci\u00f3n alguna entre la Ascentium y las personas o entidades titulares de tales contenidos o de los sitios donde se encuentren.<\/p><p style=\"text-align: justify;\">\u00a0Recomendamos encarecidamente leer los correspondientes avisos legales y, muy especialmente, las pol\u00edticas de privacidad de dichas p\u00e1ginas antes de introducir sus datos personales en las mismas y en caso de duda le recomendamos que se ponga en contacto directamente con dichos sitios para obtener m\u00e1s informaci\u00f3n sobre sus pol\u00edticas de privacidad.<\/p><p style=\"text-align: justify;\">\u00a0Al utilizar este sitio web, consideramos que el usuario ha le\u00eddo este documento cuidadosamente y que ha entendido y seguido sus consejos. En caso de que el usuario no est\u00e9 de acuerdo con esta pol\u00edtica de protecci\u00f3n de datos o con los consejos que a trav\u00e9s de la misma se dan, por favor no utilice nuestra p\u00e1gina web.<\/p>\t\t\t\t\t\t\t\t<\/div>\n\t\t\t\t<\/div>\n\t\t\t\t\t<\/div>\n\t\t\t\t<\/div>\n\t\t<div class=\"elementor-element elementor-element-5d9a0af3 e-flex e-con-boxed e-con e-parent\" data-id=\"5d9a0af3\" data-element_type=\"container\" data-settings=\"{&quot;_ha_eqh_enable&quot;:false}\">\n\t\t\t\t\t<div class=\"e-con-inner\">\n\t\t\t\t<div class=\"elementor-element elementor-element-29791d80 elementor-widget elementor-widget-image\" data-id=\"29791d80\" data-element_type=\"widget\" data-widget_type=\"image.default\">\n\t\t\t\t<div class=\"elementor-widget-container\">\n\t\t\t\t\t\t\t\t\t\t\t\t\t\t\t<img fetchpriority=\"high\" decoding=\"async\" width=\"512\" height=\"512\" src=\"https:\/\/vitoriatrail.com\/wp-content\/uploads\/2025\/02\/cropped-1.png\" class=\"attachment-large size-large wp-image-98\" alt=\"\" srcset=\"https:\/\/vitoriatrail.com\/wp-content\/uploads\/2025\/02\/cropped-1.png 512w, https:\/\/vitoriatrail.com\/wp-content\/uploads\/2025\/02\/cropped-1-300x300.png 300w, https:\/\/vitoriatrail.com\/wp-content\/uploads\/2025\/02\/cropped-1-150x150.png 150w, https:\/\/vitoriatrail.com\/wp-content\/uploads\/2025\/02\/cropped-1-12x12.png 12w, https:\/\/vitoriatrail.com\/wp-content\/uploads\/2025\/02\/cropped-1-270x270.png 270w, https:\/\/vitoriatrail.com\/wp-content\/uploads\/2025\/02\/cropped-1-192x192.png 192w, https:\/\/vitoriatrail.com\/wp-content\/uploads\/2025\/02\/cropped-1-180x180.png 180w, https:\/\/vitoriatrail.com\/wp-content\/uploads\/2025\/02\/cropped-1-32x32.png 32w\" sizes=\"(max-width: 512px) 100vw, 512px\" \/>\t\t\t\t\t\t\t\t\t\t\t\t\t\t\t<\/div>\n\t\t\t\t<\/div>\n\t\t\t\t\t<\/div>\n\t\t\t\t<\/div>\n\t\t\t\t<\/div>","protected":false},"excerpt":{"rendered":"<p>AVISO LEGAL Informaci\u00f3n general El presente Sitio Web, es titularidad de ARABA ASCENTIUM SL en adelante Ascentium, con domicilio en [&hellip;]<\/p>","protected":false},"author":1,"featured_media":0,"parent":0,"menu_order":0,"comment_status":"closed","ping_status":"closed","template":"","meta":{"site-sidebar-layout":"no-sidebar","site-content-layout":"","ast-site-content-layout":"full-width-container","site-content-style":"default","site-sidebar-style":"default","ast-global-header-display":"","ast-banner-title-visibility":"","ast-main-header-display":"","ast-hfb-above-header-display":"","ast-hfb-below-header-display":"","ast-hfb-mobile-header-display":"","site-post-title":"disabled","ast-breadcrumbs-content":"","ast-featured-img":"disabled","footer-sml-layout":"","theme-transparent-header-meta":"","adv-header-id-meta":"","stick-header-meta":"","header-above-stick-meta":"","header-main-stick-meta":"","header-below-stick-meta":"","astra-migrate-meta-layouts":"default","ast-page-background-enabled":"default","ast-page-background-meta":{"desktop":{"background-color":"var(--ast-global-color-5)","background-image":"","background-repeat":"repeat","background-position":"center center","background-size":"auto","background-attachment":"scroll","background-type":"","background-media":"","overlay-type":"","overlay-color":"","overlay-opacity":"","overlay-gradient":""},"tablet":{"background-color":"","background-image":"","background-repeat":"repeat","background-position":"center center","background-size":"auto","background-attachment":"scroll","background-type":"","background-media":"","overlay-type":"","overlay-color":"","overlay-opacity":"","overlay-gradient":""},"mobile":{"background-color":"","background-image":"","background-repeat":"repeat","background-position":"center center","background-size":"auto","background-attachment":"scroll","background-type":"","background-media":"","overlay-type":"","overlay-color":"","overlay-opacity":"","overlay-gradient":""}},"ast-content-background-meta":{"desktop":{"background-color":"var(--ast-global-color-4)","background-image":"","background-repeat":"repeat","background-position":"center center","background-size":"auto","background-attachment":"scroll","background-type":"","background-media":"","overlay-type":"","overlay-color":"","overlay-opacity":"","overlay-gradient":""},"tablet":{"background-color":"var(--ast-global-color-4)","background-image":"","background-repeat":"repeat","background-position":"center center","background-size":"auto","background-attachment":"scroll","background-type":"","background-media":"","overlay-type":"","overlay-color":"","overlay-opacity":"","overlay-gradient":""},"mobile":{"background-color":"var(--ast-global-color-4)","background-image":"","background-repeat":"repeat","background-position":"center center","background-size":"auto","background-attachment":"scroll","background-type":"","background-media":"","overlay-type":"","overlay-color":"","overlay-opacity":"","overlay-gradient":""}},"footnotes":""},"class_list":["post-560","page","type-page","status-publish","hentry"],"yoast_head":"<!-- This site is optimized with the Yoast SEO plugin v25.7 - https:\/\/yoast.com\/wordpress\/plugins\/seo\/ -->\n<title>AVISO LEGAL - VITORIA GASTEIZ TRAIL<\/title>\n<meta name=\"robots\" content=\"index, follow, max-snippet:-1, max-image-preview:large, max-video-preview:-1\" \/>\n<link rel=\"canonical\" href=\"https:\/\/vitoriatrail.com\/eus\/aviso-legal\/\" \/>\n<meta property=\"og:locale\" content=\"en_US\" \/>\n<meta property=\"og:type\" content=\"article\" \/>\n<meta property=\"og:title\" content=\"AVISO LEGAL - VITORIA GASTEIZ TRAIL\" \/>\n<meta property=\"og:description\" content=\"AVISO LEGAL Informaci\u00f3n general El presente Sitio Web, es titularidad de ARABA ASCENTIUM SL en adelante Ascentium, con domicilio en [&hellip;]\" \/>\n<meta property=\"og:url\" content=\"https:\/\/vitoriatrail.com\/eus\/aviso-legal\/\" \/>\n<meta property=\"og:site_name\" content=\"VITORIA GASTEIZ TRAIL\" \/>\n<meta property=\"article:modified_time\" content=\"2025-02-12T12:49:49+00:00\" \/>\n<meta property=\"og:image\" content=\"https:\/\/vitoriatrail.com\/wp-content\/uploads\/2025\/02\/cropped-1.png\" \/>\n\t<meta property=\"og:image:width\" content=\"512\" \/>\n\t<meta property=\"og:image:height\" content=\"512\" \/>\n\t<meta property=\"og:image:type\" content=\"image\/png\" \/>\n<meta name=\"twitter:card\" content=\"summary_large_image\" \/>\n<meta name=\"twitter:label1\" content=\"Est. reading time\" \/>\n\t<meta name=\"twitter:data1\" content=\"8 minutua\" \/>\n<script type=\"application\/ld+json\" class=\"yoast-schema-graph\">{\"@context\":\"https:\/\/schema.org\",\"@graph\":[{\"@type\":\"WebPage\",\"@id\":\"https:\/\/vitoriatrail.com\/aviso-legal\/\",\"url\":\"https:\/\/vitoriatrail.com\/aviso-legal\/\",\"name\":\"AVISO LEGAL - VITORIA GASTEIZ TRAIL\",\"isPartOf\":{\"@id\":\"https:\/\/vitoriatrail.com\/#website\"},\"primaryImageOfPage\":{\"@id\":\"https:\/\/vitoriatrail.com\/aviso-legal\/#primaryimage\"},\"image\":{\"@id\":\"https:\/\/vitoriatrail.com\/aviso-legal\/#primaryimage\"},\"thumbnailUrl\":\"https:\/\/vitoriatrail.com\/wp-content\/uploads\/2025\/02\/cropped-1.png\",\"datePublished\":\"2025-02-12T12:44:29+00:00\",\"dateModified\":\"2025-02-12T12:49:49+00:00\",\"breadcrumb\":{\"@id\":\"https:\/\/vitoriatrail.com\/aviso-legal\/#breadcrumb\"},\"inLanguage\":\"eu\",\"potentialAction\":[{\"@type\":\"ReadAction\",\"target\":[\"https:\/\/vitoriatrail.com\/aviso-legal\/\"]}]},{\"@type\":\"ImageObject\",\"inLanguage\":\"eu\",\"@id\":\"https:\/\/vitoriatrail.com\/aviso-legal\/#primaryimage\",\"url\":\"https:\/\/vitoriatrail.com\/wp-content\/uploads\/2025\/02\/cropped-1.png\",\"contentUrl\":\"https:\/\/vitoriatrail.com\/wp-content\/uploads\/2025\/02\/cropped-1.png\"},{\"@type\":\"BreadcrumbList\",\"@id\":\"https:\/\/vitoriatrail.com\/aviso-legal\/#breadcrumb\",\"itemListElement\":[{\"@type\":\"ListItem\",\"position\":1,\"name\":\"Portada\",\"item\":\"https:\/\/vitoriatrail.com\/\"},{\"@type\":\"ListItem\",\"position\":2,\"name\":\"AVISO LEGAL\"}]},{\"@type\":\"WebSite\",\"@id\":\"https:\/\/vitoriatrail.com\/#website\",\"url\":\"https:\/\/vitoriatrail.com\/\",\"name\":\"VITORIA GASTEIZ TRAIL\",\"description\":\"Irailak 20 Septiembre 2025\",\"potentialAction\":[{\"@type\":\"SearchAction\",\"target\":{\"@type\":\"EntryPoint\",\"urlTemplate\":\"https:\/\/vitoriatrail.com\/?s={search_term_string}\"},\"query-input\":{\"@type\":\"PropertyValueSpecification\",\"valueRequired\":true,\"valueName\":\"search_term_string\"}}],\"inLanguage\":\"eu\"}]}<\/script>\n<!-- \/ Yoast SEO plugin. -->","yoast_head_json":{"title":"AVISO LEGAL - VITORIA GASTEIZ TRAIL","robots":{"index":"index","follow":"follow","max-snippet":"max-snippet:-1","max-image-preview":"max-image-preview:large","max-video-preview":"max-video-preview:-1"},"canonical":"https:\/\/vitoriatrail.com\/eus\/aviso-legal\/","og_locale":"en_US","og_type":"article","og_title":"AVISO LEGAL - VITORIA GASTEIZ TRAIL","og_description":"AVISO LEGAL Informaci\u00f3n general El presente Sitio Web, es titularidad de ARABA ASCENTIUM SL en adelante Ascentium, con domicilio en [&hellip;]","og_url":"https:\/\/vitoriatrail.com\/eus\/aviso-legal\/","og_site_name":"VITORIA GASTEIZ TRAIL","article_modified_time":"2025-02-12T12:49:49+00:00","og_image":[{"width":512,"height":512,"url":"https:\/\/vitoriatrail.com\/wp-content\/uploads\/2025\/02\/cropped-1.png","type":"image\/png"}],"twitter_card":"summary_large_image","twitter_misc":{"Est. reading time":"8 minutua"},"schema":{"@context":"https:\/\/schema.org","@graph":[{"@type":"WebPage","@id":"https:\/\/vitoriatrail.com\/aviso-legal\/","url":"https:\/\/vitoriatrail.com\/aviso-legal\/","name":"AVISO LEGAL - VITORIA GASTEIZ TRAIL","isPartOf":{"@id":"https:\/\/vitoriatrail.com\/#website"},"primaryImageOfPage":{"@id":"https:\/\/vitoriatrail.com\/aviso-legal\/#primaryimage"},"image":{"@id":"https:\/\/vitoriatrail.com\/aviso-legal\/#primaryimage"},"thumbnailUrl":"https:\/\/vitoriatrail.com\/wp-content\/uploads\/2025\/02\/cropped-1.png","datePublished":"2025-02-12T12:44:29+00:00","dateModified":"2025-02-12T12:49:49+00:00","breadcrumb":{"@id":"https:\/\/vitoriatrail.com\/aviso-legal\/#breadcrumb"},"inLanguage":"eu","potentialAction":[{"@type":"ReadAction","target":["https:\/\/vitoriatrail.com\/aviso-legal\/"]}]},{"@type":"ImageObject","inLanguage":"eu","@id":"https:\/\/vitoriatrail.com\/aviso-legal\/#primaryimage","url":"https:\/\/vitoriatrail.com\/wp-content\/uploads\/2025\/02\/cropped-1.png","contentUrl":"https:\/\/vitoriatrail.com\/wp-content\/uploads\/2025\/02\/cropped-1.png"},{"@type":"BreadcrumbList","@id":"https:\/\/vitoriatrail.com\/aviso-legal\/#breadcrumb","itemListElement":[{"@type":"ListItem","position":1,"name":"Portada","item":"https:\/\/vitoriatrail.com\/"},{"@type":"ListItem","position":2,"name":"AVISO LEGAL"}]},{"@type":"WebSite","@id":"https:\/\/vitoriatrail.com\/#website","url":"https:\/\/vitoriatrail.com\/","name":"VITORIA GASTEIZ TRAIL","description":"Irailak 20 Septiembre 2025","potentialAction":[{"@type":"SearchAction","target":{"@type":"EntryPoint","urlTemplate":"https:\/\/vitoriatrail.com\/?s={search_term_string}"},"query-input":{"@type":"PropertyValueSpecification","valueRequired":true,"valueName":"search_term_string"}}],"inLanguage":"eu"}]}},"_links":{"self":[{"href":"https:\/\/vitoriatrail.com\/eus\/wp-json\/wp\/v2\/pages\/560","targetHints":{"allow":["GET"]}}],"collection":[{"href":"https:\/\/vitoriatrail.com\/eus\/wp-json\/wp\/v2\/pages"}],"about":[{"href":"https:\/\/vitoriatrail.com\/eus\/wp-json\/wp\/v2\/types\/page"}],"author":[{"embeddable":true,"href":"https:\/\/vitoriatrail.com\/eus\/wp-json\/wp\/v2\/users\/1"}],"replies":[{"embeddable":true,"href":"https:\/\/vitoriatrail.com\/eus\/wp-json\/wp\/v2\/comments?post=560"}],"version-history":[{"count":0,"href":"https:\/\/vitoriatrail.com\/eus\/wp-json\/wp\/v2\/pages\/560\/revisions"}],"wp:attachment":[{"href":"https:\/\/vitoriatrail.com\/eus\/wp-json\/wp\/v2\/media?parent=560"}],"curies":[{"name":"wp","href":"https:\/\/api.w.org\/{rel}","templated":true}]}}