{"id":510,"date":"2025-02-11T12:24:48","date_gmt":"2025-02-11T12:24:48","guid":{"rendered":"https:\/\/vitoriatrail.com\/?page_id=510"},"modified":"2026-03-05T13:51:35","modified_gmt":"2026-03-05T13:51:35","slug":"guia-de-participante","status":"publish","type":"page","link":"https:\/\/vitoriatrail.com\/eus\/participantes\/guia-de-participante\/","title":{"rendered":"PARTE-HARTZAILE GIDA"},"content":{"rendered":"<div data-elementor-type=\"wp-page\" data-elementor-id=\"510\" class=\"elementor elementor-510\" data-elementor-settings=\"{&quot;ha_cmc_init_switcher&quot;:&quot;no&quot;}\">\n\t\t\t\t\t\t<section class=\"elementor-section elementor-top-section elementor-element elementor-element-e6e969d elementor-section-content-middle elementor-section-boxed elementor-section-height-default elementor-section-height-default\" data-id=\"e6e969d\" data-element_type=\"section\" data-settings=\"{&quot;background_background&quot;:&quot;gradient&quot;,&quot;_ha_eqh_enable&quot;:false}\">\n\t\t\t\t\t\t\t<div class=\"elementor-background-overlay\"><\/div>\n\t\t\t\t\t\t\t<div class=\"elementor-container elementor-column-gap-default\">\n\t\t\t\t\t<div class=\"elementor-column elementor-col-100 elementor-top-column elementor-element elementor-element-3c36660a\" data-id=\"3c36660a\" data-element_type=\"column\">\n\t\t\t<div class=\"elementor-widget-wrap elementor-element-populated\">\n\t\t\t\t\t\t<div class=\"elementor-element elementor-element-2e98c910 elementor-widget elementor-widget-heading\" data-id=\"2e98c910\" data-element_type=\"widget\" data-widget_type=\"heading.default\">\n\t\t\t\t<div class=\"elementor-widget-container\">\n\t\t\t\t\t<h2 class=\"elementor-heading-title elementor-size-default\">PARTE-HARTZAILE GIDA<\/h2>\t\t\t\t<\/div>\n\t\t\t\t<\/div>\n\t\t\t\t\t<\/div>\n\t\t<\/div>\n\t\t\t\t\t<\/div>\n\t\t<\/section>\n\t\t<div class=\"elementor-element elementor-element-c479b68 e-flex e-con-boxed e-con e-parent\" data-id=\"c479b68\" data-element_type=\"container\" data-settings=\"{&quot;_ha_eqh_enable&quot;:false}\">\n\t\t\t\t\t<div class=\"e-con-inner\">\n\t\t\t\t<div class=\"elementor-element elementor-element-0294642 elementor-widget elementor-widget-heading\" data-id=\"0294642\" data-element_type=\"widget\" data-widget_type=\"heading.default\">\n\t\t\t\t<div class=\"elementor-widget-container\">\n\t\t\t\t\t<h2 class=\"elementor-heading-title elementor-size-default\">D\u00edas antes del evento, os enviaremos la gu\u00eda de participantes con toda la informaci\u00f3n necesaria, AQUI PODEIS VER LA DEL 2025<\/h2>\t\t\t\t<\/div>\n\t\t\t\t<\/div>\n\t\t<div class=\"elementor-element elementor-element-a6b749e e-con-full e-flex e-con e-child\" data-id=\"a6b749e\" data-element_type=\"container\" data-settings=\"{&quot;_ha_eqh_enable&quot;:false}\">\n\t\t\t\t<div class=\"elementor-element elementor-element-e5ae59e elementor-widget elementor-widget-ha-pdf-view happy-addon ha-pdf-view\" data-id=\"e5ae59e\" data-element_type=\"widget\" data-widget_type=\"ha-pdf-view.default\">\n\t\t\t\t<div class=\"elementor-widget-container\">\n\t\t\t\t\t        <div class=\"pdf_viewer_container\">\n            <div class=\"pdf_viewer_options viewer-e5ae59e\" data-pdf-settings=\"{&quot;unique_id&quot;:&quot;viewer-e5ae59e&quot;,&quot;pdf_url&quot;:&quot;https:\\\/\\\/vitoriatrail.com\\\/wp-content\\\/uploads\\\/2025\\\/09\\\/VG_guia_-participante_2025.pdf&quot;,&quot;file_type&quot;:&quot;upload_file&quot;,&quot;page_number&quot;:&quot;1&quot;,&quot;width&quot;:&quot;100%&quot;,&quot;height&quot;:&quot;600px&quot;}\">\n\t\t\t\t<span class=\"ha-title-flex\">\n\t\t\t\t\t<span class=\"pdf-icon\">\n\t\t\t\t\t\t<i aria-hidden=\"true\" class=\"fas fa-file-pdf\"><\/i>\t\t\t\t\t<\/span>\n\t\t\t\t\t<h2 class=\"ha-pdf-title\">GU\u00cdA DE PARTICIPANTE 2025<\/h2>\t\t\t\t<\/span>\n\t\t\t\t                <div class=\"pdf-button\">\n                <a href=\"https:\/\/vitoriatrail.com\/wp-content\/uploads\/2025\/09\/VG_guia_-participante_2025.pdf\" class=\"ha-btn\" download title=\"GU\u00cdA DE PARTICIPANTE 2025\" data-no-translation=\"\" data-trp-gettext=\"\">Download<\/a>                <\/div>\n            <\/div>\n\n\t\t\t<div>\n\t\t\t\t<div id=\"viewer-e5ae59e\"><\/div>\n\t\t\t<\/div>\n\n        <\/div>\n        \t\t\t\t<\/div>\n\t\t\t\t<\/div>\n\t\t\t\t<\/div>\n\t\t<div class=\"elementor-element elementor-element-9e45555 e-con-full e-flex e-con e-child\" data-id=\"9e45555\" data-element_type=\"container\" data-settings=\"{&quot;_ha_eqh_enable&quot;:false}\">\n\t\t\t\t<div class=\"elementor-element elementor-element-49a29a7 elementor-widget elementor-widget-ha-pdf-view happy-addon ha-pdf-view\" data-id=\"49a29a7\" data-element_type=\"widget\" data-widget_type=\"ha-pdf-view.default\">\n\t\t\t\t<div class=\"elementor-widget-container\">\n\t\t\t\t\t        <div class=\"pdf_viewer_container\">\n            <div class=\"pdf_viewer_options viewer-49a29a7\" data-pdf-settings=\"{&quot;unique_id&quot;:&quot;viewer-49a29a7&quot;,&quot;pdf_url&quot;:&quot;https:\\\/\\\/vitoriatrail.com\\\/wp-content\\\/uploads\\\/2025\\\/09\\\/Eus_Parte-HartzaileGida_VGTrail_2025.pdf&quot;,&quot;file_type&quot;:&quot;upload_file&quot;,&quot;page_number&quot;:&quot;1&quot;,&quot;width&quot;:&quot;100%&quot;,&quot;height&quot;:&quot;600px&quot;}\">\n\t\t\t\t<span class=\"ha-title-flex\">\n\t\t\t\t\t<span class=\"pdf-icon\">\n\t\t\t\t\t\t<i aria-hidden=\"true\" class=\"fas fa-file-pdf\"><\/i>\t\t\t\t\t<\/span>\n\t\t\t\t\t<h2 class=\"ha-pdf-title\">PARTE-HARTZAILE GIDA 2025<\/h2>\t\t\t\t<\/span>\n\t\t\t\t                <div class=\"pdf-button\">\n                <a href=\"https:\/\/vitoriatrail.com\/wp-content\/uploads\/2025\/09\/Eus_Parte-HartzaileGida_VGTrail_2025.pdf\" class=\"ha-btn\" download title=\"PARTE-HARTZAILE GIDA 2025\" data-no-translation=\"\" data-trp-gettext=\"\">Download<\/a>                <\/div>\n            <\/div>\n\n\t\t\t<div>\n\t\t\t\t<div id=\"viewer-49a29a7\"><\/div>\n\t\t\t<\/div>\n\n        <\/div>\n        \t\t\t\t<\/div>\n\t\t\t\t<\/div>\n\t\t\t\t<\/div>\n\t\t\t\t\t<\/div>\n\t\t\t\t<\/div>\n\t\t<div class=\"elementor-element elementor-element-79b16abd e-flex e-con-boxed e-con e-parent\" data-id=\"79b16abd\" data-element_type=\"container\" data-settings=\"{&quot;_ha_eqh_enable&quot;:false}\">\n\t\t\t\t\t<div class=\"e-con-inner\">\n\t\t\t\t<div class=\"elementor-element elementor-element-4fe93aef elementor-widget elementor-widget-image\" data-id=\"4fe93aef\" data-element_type=\"widget\" data-widget_type=\"image.default\">\n\t\t\t\t<div class=\"elementor-widget-container\">\n\t\t\t\t\t\t\t\t\t\t\t\t\t\t\t<img fetchpriority=\"high\" decoding=\"async\" width=\"512\" height=\"512\" src=\"https:\/\/vitoriatrail.com\/wp-content\/uploads\/2025\/02\/cropped-1.png\" class=\"attachment-large size-large wp-image-98\" alt=\"\" srcset=\"https:\/\/vitoriatrail.com\/wp-content\/uploads\/2025\/02\/cropped-1.png 512w, https:\/\/vitoriatrail.com\/wp-content\/uploads\/2025\/02\/cropped-1-300x300.png 300w, https:\/\/vitoriatrail.com\/wp-content\/uploads\/2025\/02\/cropped-1-150x150.png 150w, https:\/\/vitoriatrail.com\/wp-content\/uploads\/2025\/02\/cropped-1-12x12.png 12w, https:\/\/vitoriatrail.com\/wp-content\/uploads\/2025\/02\/cropped-1-270x270.png 270w, https:\/\/vitoriatrail.com\/wp-content\/uploads\/2025\/02\/cropped-1-192x192.png 192w, https:\/\/vitoriatrail.com\/wp-content\/uploads\/2025\/02\/cropped-1-180x180.png 180w, https:\/\/vitoriatrail.com\/wp-content\/uploads\/2025\/02\/cropped-1-32x32.png 32w\" sizes=\"(max-width: 512px) 100vw, 512px\" \/>\t\t\t\t\t\t\t\t\t\t\t\t\t\t\t<\/div>\n\t\t\t\t<\/div>\n\t\t\t\t\t<\/div>\n\t\t\t\t<\/div>\n\t\t\t\t<\/div>","protected":false},"excerpt":{"rendered":"<p>GU\u00cdA DE PARTICIPANTE D\u00edas antes del evento, os enviaremos la gu\u00eda de participantes con toda la informaci\u00f3n necesaria, AQUI PODEIS [&hellip;]<\/p>","protected":false},"author":1,"featured_media":0,"parent":209,"menu_order":0,"comment_status":"closed","ping_status":"closed","template":"","meta":{"site-sidebar-layout":"no-sidebar","site-content-layout":"","ast-site-content-layout":"full-width-container","site-content-style":"default","site-sidebar-style":"default","ast-global-header-display":"","ast-banner-title-visibility":"","ast-main-header-display":"","ast-hfb-above-header-display":"","ast-hfb-below-header-display":"","ast-hfb-mobile-header-display":"","site-post-title":"disabled","ast-breadcrumbs-content":"","ast-featured-img":"disabled","footer-sml-layout":"","theme-transparent-header-meta":"","adv-header-id-meta":"","stick-header-meta":"","header-above-stick-meta":"","header-main-stick-meta":"","header-below-stick-meta":"","astra-migrate-meta-layouts":"default","ast-page-background-enabled":"default","ast-page-background-meta":{"desktop":{"background-color":"var(--ast-global-color-5)","background-image":"","background-repeat":"repeat","background-position":"center center","background-size":"auto","background-attachment":"scroll","background-type":"","background-media":"","overlay-type":"","overlay-color":"","overlay-opacity":"","overlay-gradient":""},"tablet":{"background-color":"","background-image":"","background-repeat":"repeat","background-position":"center center","background-size":"auto","background-attachment":"scroll","background-type":"","background-media":"","overlay-type":"","overlay-color":"","overlay-opacity":"","overlay-gradient":""},"mobile":{"background-color":"","background-image":"","background-repeat":"repeat","background-position":"center center","background-size":"auto","background-attachment":"scroll","background-type":"","background-media":"","overlay-type":"","overlay-color":"","overlay-opacity":"","overlay-gradient":""}},"ast-content-background-meta":{"desktop":{"background-color":"var(--ast-global-color-4)","background-image":"","background-repeat":"repeat","background-position":"center center","background-size":"auto","background-attachment":"scroll","background-type":"","background-media":"","overlay-type":"","overlay-color":"","overlay-opacity":"","overlay-gradient":""},"tablet":{"background-color":"var(--ast-global-color-4)","background-image":"","background-repeat":"repeat","background-position":"center center","background-size":"auto","background-attachment":"scroll","background-type":"","background-media":"","overlay-type":"","overlay-color":"","overlay-opacity":"","overlay-gradient":""},"mobile":{"background-color":"var(--ast-global-color-4)","background-image":"","background-repeat":"repeat","background-position":"center center","background-size":"auto","background-attachment":"scroll","background-type":"","background-media":"","overlay-type":"","overlay-color":"","overlay-opacity":"","overlay-gradient":""}},"footnotes":""},"class_list":["post-510","page","type-page","status-publish","hentry"],"yoast_head":"<!-- This site is optimized with the Yoast SEO plugin v25.7 - https:\/\/yoast.com\/wordpress\/plugins\/seo\/ -->\n<title>GU\u00cdA DE PARTICIPANTE - VITORIA GASTEIZ TRAIL<\/title>\n<meta name=\"description\" content=\"Vitoria-Gasteiz Trail es un evento deportivo de trail running que cuenta con dos carreras de 16k y 26k, una marcha y canicross.\" \/>\n<meta name=\"robots\" content=\"index, follow, max-snippet:-1, max-image-preview:large, max-video-preview:-1\" \/>\n<link rel=\"canonical\" href=\"https:\/\/vitoriatrail.com\/eus\/participantes\/guia-de-participante\/\" \/>\n<meta property=\"og:locale\" content=\"en_US\" \/>\n<meta property=\"og:type\" content=\"article\" \/>\n<meta property=\"og:title\" content=\"GU\u00cdA DE PARTICIPANTE - VITORIA GASTEIZ TRAIL\" \/>\n<meta property=\"og:description\" content=\"Vitoria-Gasteiz Trail es un evento deportivo de trail running que cuenta con dos carreras de 16k y 26k, una marcha y canicross.\" \/>\n<meta property=\"og:url\" content=\"https:\/\/vitoriatrail.com\/eus\/participantes\/guia-de-participante\/\" \/>\n<meta property=\"og:site_name\" content=\"VITORIA GASTEIZ TRAIL\" \/>\n<meta property=\"article:modified_time\" content=\"2026-03-05T13:51:35+00:00\" \/>\n<meta property=\"og:image\" content=\"https:\/\/vitoriatrail.com\/wp-content\/uploads\/2025\/02\/cropped-1.png\" \/>\n\t<meta property=\"og:image:width\" content=\"512\" \/>\n\t<meta property=\"og:image:height\" content=\"512\" \/>\n\t<meta property=\"og:image:type\" content=\"image\/png\" \/>\n<meta name=\"twitter:card\" content=\"summary_large_image\" \/>\n<meta name=\"twitter:label1\" content=\"Est. reading time\" \/>\n\t<meta name=\"twitter:data1\" content=\"1 minutua\" \/>\n<script type=\"application\/ld+json\" class=\"yoast-schema-graph\">{\"@context\":\"https:\/\/schema.org\",\"@graph\":[{\"@type\":\"WebPage\",\"@id\":\"https:\/\/vitoriatrail.com\/participantes\/guia-de-participante\/\",\"url\":\"https:\/\/vitoriatrail.com\/participantes\/guia-de-participante\/\",\"name\":\"GU\u00cdA DE PARTICIPANTE - VITORIA GASTEIZ TRAIL\",\"isPartOf\":{\"@id\":\"https:\/\/vitoriatrail.com\/#website\"},\"primaryImageOfPage\":{\"@id\":\"https:\/\/vitoriatrail.com\/participantes\/guia-de-participante\/#primaryimage\"},\"image\":{\"@id\":\"https:\/\/vitoriatrail.com\/participantes\/guia-de-participante\/#primaryimage\"},\"thumbnailUrl\":\"https:\/\/vitoriatrail.com\/wp-content\/uploads\/2025\/02\/cropped-1.png\",\"datePublished\":\"2025-02-11T12:24:48+00:00\",\"dateModified\":\"2026-03-05T13:51:35+00:00\",\"description\":\"Vitoria-Gasteiz Trail es un evento deportivo de trail running que cuenta con dos carreras de 16k y 26k, una marcha y canicross.\",\"breadcrumb\":{\"@id\":\"https:\/\/vitoriatrail.com\/participantes\/guia-de-participante\/#breadcrumb\"},\"inLanguage\":\"eu\",\"potentialAction\":[{\"@type\":\"ReadAction\",\"target\":[\"https:\/\/vitoriatrail.com\/participantes\/guia-de-participante\/\"]}]},{\"@type\":\"ImageObject\",\"inLanguage\":\"eu\",\"@id\":\"https:\/\/vitoriatrail.com\/participantes\/guia-de-participante\/#primaryimage\",\"url\":\"https:\/\/vitoriatrail.com\/wp-content\/uploads\/2025\/02\/cropped-1.png\",\"contentUrl\":\"https:\/\/vitoriatrail.com\/wp-content\/uploads\/2025\/02\/cropped-1.png\"},{\"@type\":\"BreadcrumbList\",\"@id\":\"https:\/\/vitoriatrail.com\/participantes\/guia-de-participante\/#breadcrumb\",\"itemListElement\":[{\"@type\":\"ListItem\",\"position\":1,\"name\":\"Portada\",\"item\":\"https:\/\/vitoriatrail.com\/\"},{\"@type\":\"ListItem\",\"position\":2,\"name\":\"PARTICIPANTES\",\"item\":\"https:\/\/vitoriatrail.com\/participantes\/\"},{\"@type\":\"ListItem\",\"position\":3,\"name\":\"GU\u00cdA DE PARTICIPANTE\"}]},{\"@type\":\"WebSite\",\"@id\":\"https:\/\/vitoriatrail.com\/#website\",\"url\":\"https:\/\/vitoriatrail.com\/\",\"name\":\"VITORIA GASTEIZ TRAIL\",\"description\":\"Irailak 20 Septiembre 2025\",\"potentialAction\":[{\"@type\":\"SearchAction\",\"target\":{\"@type\":\"EntryPoint\",\"urlTemplate\":\"https:\/\/vitoriatrail.com\/?s={search_term_string}\"},\"query-input\":{\"@type\":\"PropertyValueSpecification\",\"valueRequired\":true,\"valueName\":\"search_term_string\"}}],\"inLanguage\":\"eu\"}]}<\/script>\n<!-- \/ Yoast SEO plugin. -->","yoast_head_json":{"title":"GU\u00cdA DE PARTICIPANTE - VITORIA GASTEIZ TRAIL","description":"Vitoria-Gasteiz Trail es un evento deportivo de trail running que cuenta con dos carreras de 16k y 26k, una marcha y canicross.","robots":{"index":"index","follow":"follow","max-snippet":"max-snippet:-1","max-image-preview":"max-image-preview:large","max-video-preview":"max-video-preview:-1"},"canonical":"https:\/\/vitoriatrail.com\/eus\/participantes\/guia-de-participante\/","og_locale":"en_US","og_type":"article","og_title":"GU\u00cdA DE PARTICIPANTE - VITORIA GASTEIZ TRAIL","og_description":"Vitoria-Gasteiz Trail es un evento deportivo de trail running que cuenta con dos carreras de 16k y 26k, una marcha y canicross.","og_url":"https:\/\/vitoriatrail.com\/eus\/participantes\/guia-de-participante\/","og_site_name":"VITORIA GASTEIZ TRAIL","article_modified_time":"2026-03-05T13:51:35+00:00","og_image":[{"width":512,"height":512,"url":"https:\/\/vitoriatrail.com\/wp-content\/uploads\/2025\/02\/cropped-1.png","type":"image\/png"}],"twitter_card":"summary_large_image","twitter_misc":{"Est. reading time":"1 minutua"},"schema":{"@context":"https:\/\/schema.org","@graph":[{"@type":"WebPage","@id":"https:\/\/vitoriatrail.com\/participantes\/guia-de-participante\/","url":"https:\/\/vitoriatrail.com\/participantes\/guia-de-participante\/","name":"GU\u00cdA DE PARTICIPANTE - VITORIA GASTEIZ TRAIL","isPartOf":{"@id":"https:\/\/vitoriatrail.com\/#website"},"primaryImageOfPage":{"@id":"https:\/\/vitoriatrail.com\/participantes\/guia-de-participante\/#primaryimage"},"image":{"@id":"https:\/\/vitoriatrail.com\/participantes\/guia-de-participante\/#primaryimage"},"thumbnailUrl":"https:\/\/vitoriatrail.com\/wp-content\/uploads\/2025\/02\/cropped-1.png","datePublished":"2025-02-11T12:24:48+00:00","dateModified":"2026-03-05T13:51:35+00:00","description":"Vitoria-Gasteiz Trail es un evento deportivo de trail running que cuenta con dos carreras de 16k y 26k, una marcha y canicross.","breadcrumb":{"@id":"https:\/\/vitoriatrail.com\/participantes\/guia-de-participante\/#breadcrumb"},"inLanguage":"eu","potentialAction":[{"@type":"ReadAction","target":["https:\/\/vitoriatrail.com\/participantes\/guia-de-participante\/"]}]},{"@type":"ImageObject","inLanguage":"eu","@id":"https:\/\/vitoriatrail.com\/participantes\/guia-de-participante\/#primaryimage","url":"https:\/\/vitoriatrail.com\/wp-content\/uploads\/2025\/02\/cropped-1.png","contentUrl":"https:\/\/vitoriatrail.com\/wp-content\/uploads\/2025\/02\/cropped-1.png"},{"@type":"BreadcrumbList","@id":"https:\/\/vitoriatrail.com\/participantes\/guia-de-participante\/#breadcrumb","itemListElement":[{"@type":"ListItem","position":1,"name":"Portada","item":"https:\/\/vitoriatrail.com\/"},{"@type":"ListItem","position":2,"name":"PARTICIPANTES","item":"https:\/\/vitoriatrail.com\/participantes\/"},{"@type":"ListItem","position":3,"name":"GU\u00cdA DE PARTICIPANTE"}]},{"@type":"WebSite","@id":"https:\/\/vitoriatrail.com\/#website","url":"https:\/\/vitoriatrail.com\/","name":"VITORIA GASTEIZ TRAIL","description":"Irailak 20 Septiembre 2025","potentialAction":[{"@type":"SearchAction","target":{"@type":"EntryPoint","urlTemplate":"https:\/\/vitoriatrail.com\/?s={search_term_string}"},"query-input":{"@type":"PropertyValueSpecification","valueRequired":true,"valueName":"search_term_string"}}],"inLanguage":"eu"}]}},"_links":{"self":[{"href":"https:\/\/vitoriatrail.com\/eus\/wp-json\/wp\/v2\/pages\/510","targetHints":{"allow":["GET"]}}],"collection":[{"href":"https:\/\/vitoriatrail.com\/eus\/wp-json\/wp\/v2\/pages"}],"about":[{"href":"https:\/\/vitoriatrail.com\/eus\/wp-json\/wp\/v2\/types\/page"}],"author":[{"embeddable":true,"href":"https:\/\/vitoriatrail.com\/eus\/wp-json\/wp\/v2\/users\/1"}],"replies":[{"embeddable":true,"href":"https:\/\/vitoriatrail.com\/eus\/wp-json\/wp\/v2\/comments?post=510"}],"version-history":[{"count":0,"href":"https:\/\/vitoriatrail.com\/eus\/wp-json\/wp\/v2\/pages\/510\/revisions"}],"up":[{"embeddable":true,"href":"https:\/\/vitoriatrail.com\/eus\/wp-json\/wp\/v2\/pages\/209"}],"wp:attachment":[{"href":"https:\/\/vitoriatrail.com\/eus\/wp-json\/wp\/v2\/media?parent=510"}],"curies":[{"name":"wp","href":"https:\/\/api.w.org\/{rel}","templated":true}]}}